{"id":121,"date":"2015-10-16T12:08:32","date_gmt":"2015-10-16T10:08:32","guid":{"rendered":"http:\/\/www.vivalib.nl\/fr\/?page_id=121"},"modified":"2015-11-22T15:15:26","modified_gmt":"2015-11-22T13:15:26","slug":"les-gens-derriere","status":"publish","type":"page","link":"https:\/\/www.vivalib.nl\/fr\/vivalib\/les-gens-derriere\/","title":{"rendered":"les gens derri\u00e8re"},"content":{"rendered":"<p><a href=\"http:\/\/www.vivalib.nl\/wp-content\/uploads\/2015\/11\/Peter-de-Regt-041.jpg\"><img loading=\"lazy\" decoding=\"async\" class=\"alignnone  wp-image-628\" src=\"http:\/\/www.vivalib.nl\/wp-content\/uploads\/2015\/11\/Peter-de-Regt-041-700x1049.jpg\" alt=\"Peter de Regt 04[1]\" width=\"262\" height=\"393\" srcset=\"https:\/\/www.vivalib.nl\/wp-content\/uploads\/2015\/11\/Peter-de-Regt-041-700x1049.jpg 700w, https:\/\/www.vivalib.nl\/wp-content\/uploads\/2015\/11\/Peter-de-Regt-041-250x375.jpg 250w, https:\/\/www.vivalib.nl\/wp-content\/uploads\/2015\/11\/Peter-de-Regt-041-120x180.jpg 120w\" sizes=\"auto, (max-width: 262px) 100vw, 262px\" \/><\/a><\/p>\n<p>&nbsp;<\/p>\n<p>Conseil Peter de Regt<\/p>\n<p>t\u00e9l: 003163 0888802<\/p>\n<p>email: p.regt@vivalib.nl<\/p>\n<p><a href=\"http:\/\/www.vivalib.nl\/wp-content\/uploads\/2015\/11\/Rob-Hagens-021.jpg\"><img loading=\"lazy\" decoding=\"async\" class=\"alignnone  wp-image-627\" src=\"http:\/\/www.vivalib.nl\/wp-content\/uploads\/2015\/11\/Rob-Hagens-021-700x1049.jpg\" alt=\"Rob Hagens 02[1]\" width=\"257\" height=\"385\" srcset=\"https:\/\/www.vivalib.nl\/wp-content\/uploads\/2015\/11\/Rob-Hagens-021-700x1049.jpg 700w, https:\/\/www.vivalib.nl\/wp-content\/uploads\/2015\/11\/Rob-Hagens-021-250x375.jpg 250w, https:\/\/www.vivalib.nl\/wp-content\/uploads\/2015\/11\/Rob-Hagens-021-120x180.jpg 120w\" sizes=\"auto, (max-width: 257px) 100vw, 257px\" \/><\/a><br \/>\nConseil Rob Hagens Vivalib<\/p>\n<p>t\u00e9l: 003165 0251553<\/p>\n<p>email: r.hagens@vivalib.nl.<br \/>\n<a href=\"http:\/\/www.vivalib.nl\/wp-content\/uploads\/2015\/11\/Annelies-Lammers-031.jpg\"><img loading=\"lazy\" decoding=\"async\" class=\"alignnone  wp-image-629\" src=\"http:\/\/www.vivalib.nl\/wp-content\/uploads\/2015\/11\/Annelies-Lammers-031-700x1049.jpg\" alt=\"Annelies Lammers 03[1]\" width=\"260\" height=\"390\" srcset=\"https:\/\/www.vivalib.nl\/wp-content\/uploads\/2015\/11\/Annelies-Lammers-031-700x1049.jpg 700w, https:\/\/www.vivalib.nl\/wp-content\/uploads\/2015\/11\/Annelies-Lammers-031-250x375.jpg 250w, https:\/\/www.vivalib.nl\/wp-content\/uploads\/2015\/11\/Annelies-Lammers-031-120x180.jpg 120w\" sizes=\"auto, (max-width: 260px) 100vw, 260px\" \/><\/a><br \/>\nConseil Annelies Lammers.<\/p>\n<p>email: alammers@vivalib.nl<\/p>\n<p>tel:003163 4000309<\/p>\n","protected":false},"excerpt":{"rendered":"&nbsp; Conseil Peter de Regt t\u00e9l: 003163 0888802 email: p.regt@vivalib.nl Conseil Rob Hagens Vivalib t\u00e9l: 003165 0251553 email: r.hagens@vivalib.nl. Conseil Annelies Lammers. email: alammers@vivalib.nl tel:003163 4000309","protected":false},"author":1,"featured_media":79,"parent":117,"menu_order":1,"comment_status":"closed","ping_status":"closed","template":"","meta":{"footnotes":""},"class_list":["post-121","page","type-page","status-publish","has-post-thumbnail","hentry"],"yoast_head":"<!-- This site is optimized with the Yoast SEO plugin v27.3 - https:\/\/yoast.com\/product\/yoast-seo-wordpress\/ -->\n<title>les gens derri\u00e8re - Vivalib Nederland<\/title>\n<meta name=\"robots\" content=\"index, follow, max-snippet:-1, max-image-preview:large, max-video-preview:-1\" \/>\n<link rel=\"canonical\" href=\"https:\/\/www.vivalib.nl\/fr\/vivalib\/les-gens-derriere\/\" \/>\n<meta property=\"og:locale\" content=\"fr_FR\" \/>\n<meta property=\"og:type\" content=\"article\" \/>\n<meta property=\"og:title\" content=\"les gens derri\u00e8re - Vivalib Nederland\" \/>\n<meta property=\"og:description\" content=\"&nbsp; Conseil Peter de Regt t\u00e9l: 003163 0888802 email: p.regt@vivalib.nl Conseil Rob Hagens Vivalib t\u00e9l: 003165 0251553 email: r.hagens@vivalib.nl. Conseil Annelies Lammers. email: alammers@vivalib.nl tel:003163 4000309\" \/>\n<meta property=\"og:url\" content=\"https:\/\/www.vivalib.nl\/fr\/vivalib\/les-gens-derriere\/\" \/>\n<meta property=\"og:site_name\" content=\"Vivalib Nederland\" \/>\n<meta property=\"article:modified_time\" content=\"2015-11-22T13:15:26+00:00\" \/>\n<meta property=\"og:image\" content=\"https:\/\/www.vivalib.nl\/wp-content\/uploads\/2015\/10\/header3.jpg\" \/>\n\t<meta property=\"og:image:width\" content=\"964\" \/>\n\t<meta property=\"og:image:height\" content=\"162\" \/>\n\t<meta property=\"og:image:type\" content=\"image\/jpeg\" \/>\n<meta name=\"twitter:card\" content=\"summary_large_image\" \/>\n<script type=\"application\/ld+json\" class=\"yoast-schema-graph\">{\"@context\":\"https:\\\/\\\/schema.org\",\"@graph\":[{\"@type\":\"WebPage\",\"@id\":\"https:\\\/\\\/www.vivalib.nl\\\/fr\\\/vivalib\\\/les-gens-derriere\\\/\",\"url\":\"https:\\\/\\\/www.vivalib.nl\\\/fr\\\/vivalib\\\/les-gens-derriere\\\/\",\"name\":\"les gens derri\u00e8re - Vivalib Nederland\",\"isPartOf\":{\"@id\":\"https:\\\/\\\/www.vivalib.nl\\\/#website\"},\"primaryImageOfPage\":{\"@id\":\"https:\\\/\\\/www.vivalib.nl\\\/fr\\\/vivalib\\\/les-gens-derriere\\\/#primaryimage\"},\"image\":{\"@id\":\"https:\\\/\\\/www.vivalib.nl\\\/fr\\\/vivalib\\\/les-gens-derriere\\\/#primaryimage\"},\"thumbnailUrl\":\"https:\\\/\\\/www.vivalib.nl\\\/wp-content\\\/uploads\\\/2015\\\/10\\\/header3.jpg\",\"datePublished\":\"2015-10-16T10:08:32+00:00\",\"dateModified\":\"2015-11-22T13:15:26+00:00\",\"breadcrumb\":{\"@id\":\"https:\\\/\\\/www.vivalib.nl\\\/fr\\\/vivalib\\\/les-gens-derriere\\\/#breadcrumb\"},\"inLanguage\":\"fr-FR\",\"potentialAction\":[{\"@type\":\"ReadAction\",\"target\":[\"https:\\\/\\\/www.vivalib.nl\\\/fr\\\/vivalib\\\/les-gens-derriere\\\/\"]}]},{\"@type\":\"ImageObject\",\"inLanguage\":\"fr-FR\",\"@id\":\"https:\\\/\\\/www.vivalib.nl\\\/fr\\\/vivalib\\\/les-gens-derriere\\\/#primaryimage\",\"url\":\"https:\\\/\\\/www.vivalib.nl\\\/wp-content\\\/uploads\\\/2015\\\/10\\\/header3.jpg\",\"contentUrl\":\"https:\\\/\\\/www.vivalib.nl\\\/wp-content\\\/uploads\\\/2015\\\/10\\\/header3.jpg\",\"width\":964,\"height\":162},{\"@type\":\"BreadcrumbList\",\"@id\":\"https:\\\/\\\/www.vivalib.nl\\\/fr\\\/vivalib\\\/les-gens-derriere\\\/#breadcrumb\",\"itemListElement\":[{\"@type\":\"ListItem\",\"position\":1,\"name\":\"Home\",\"item\":\"https:\\\/\\\/www.vivalib.nl\\\/fr\\\/\"},{\"@type\":\"ListItem\",\"position\":2,\"name\":\"vivalib\",\"item\":\"https:\\\/\\\/www.vivalib.nl\\\/fr\\\/vivalib\\\/\"},{\"@type\":\"ListItem\",\"position\":3,\"name\":\"les gens derri\u00e8re\"}]},{\"@type\":\"WebSite\",\"@id\":\"https:\\\/\\\/www.vivalib.nl\\\/#website\",\"url\":\"https:\\\/\\\/www.vivalib.nl\\\/\",\"name\":\"Vivalib Nederland\",\"description\":\"\",\"publisher\":{\"@id\":\"https:\\\/\\\/www.vivalib.nl\\\/#organization\"},\"potentialAction\":[{\"@type\":\"SearchAction\",\"target\":{\"@type\":\"EntryPoint\",\"urlTemplate\":\"https:\\\/\\\/www.vivalib.nl\\\/?s={search_term_string}\"},\"query-input\":{\"@type\":\"PropertyValueSpecification\",\"valueRequired\":true,\"valueName\":\"search_term_string\"}}],\"inLanguage\":\"fr-FR\"},{\"@type\":\"Organization\",\"@id\":\"https:\\\/\\\/www.vivalib.nl\\\/#organization\",\"name\":\"Vivalib Nederland\",\"url\":\"https:\\\/\\\/www.vivalib.nl\\\/\",\"logo\":{\"@type\":\"ImageObject\",\"inLanguage\":\"fr-FR\",\"@id\":\"https:\\\/\\\/www.vivalib.nl\\\/#\\\/schema\\\/logo\\\/image\\\/\",\"url\":\"https:\\\/\\\/www.vivalib.nl\\\/wp-content\\\/uploads\\\/2015\\\/11\\\/logo.png\",\"contentUrl\":\"https:\\\/\\\/www.vivalib.nl\\\/wp-content\\\/uploads\\\/2015\\\/11\\\/logo.png\",\"width\":310,\"height\":126,\"caption\":\"Vivalib Nederland\"},\"image\":{\"@id\":\"https:\\\/\\\/www.vivalib.nl\\\/#\\\/schema\\\/logo\\\/image\\\/\"}}]}<\/script>\n<!-- \/ Yoast SEO plugin. -->","yoast_head_json":{"title":"les gens derri\u00e8re - Vivalib Nederland","robots":{"index":"index","follow":"follow","max-snippet":"max-snippet:-1","max-image-preview":"max-image-preview:large","max-video-preview":"max-video-preview:-1"},"canonical":"https:\/\/www.vivalib.nl\/fr\/vivalib\/les-gens-derriere\/","og_locale":"fr_FR","og_type":"article","og_title":"les gens derri\u00e8re - Vivalib Nederland","og_description":"&nbsp; Conseil Peter de Regt t\u00e9l: 003163 0888802 email: p.regt@vivalib.nl Conseil Rob Hagens Vivalib t\u00e9l: 003165 0251553 email: r.hagens@vivalib.nl. Conseil Annelies Lammers. email: alammers@vivalib.nl tel:003163 4000309","og_url":"https:\/\/www.vivalib.nl\/fr\/vivalib\/les-gens-derriere\/","og_site_name":"Vivalib Nederland","article_modified_time":"2015-11-22T13:15:26+00:00","og_image":[{"width":964,"height":162,"url":"https:\/\/www.vivalib.nl\/wp-content\/uploads\/2015\/10\/header3.jpg","type":"image\/jpeg"}],"twitter_card":"summary_large_image","schema":{"@context":"https:\/\/schema.org","@graph":[{"@type":"WebPage","@id":"https:\/\/www.vivalib.nl\/fr\/vivalib\/les-gens-derriere\/","url":"https:\/\/www.vivalib.nl\/fr\/vivalib\/les-gens-derriere\/","name":"les gens derri\u00e8re - Vivalib Nederland","isPartOf":{"@id":"https:\/\/www.vivalib.nl\/#website"},"primaryImageOfPage":{"@id":"https:\/\/www.vivalib.nl\/fr\/vivalib\/les-gens-derriere\/#primaryimage"},"image":{"@id":"https:\/\/www.vivalib.nl\/fr\/vivalib\/les-gens-derriere\/#primaryimage"},"thumbnailUrl":"https:\/\/www.vivalib.nl\/wp-content\/uploads\/2015\/10\/header3.jpg","datePublished":"2015-10-16T10:08:32+00:00","dateModified":"2015-11-22T13:15:26+00:00","breadcrumb":{"@id":"https:\/\/www.vivalib.nl\/fr\/vivalib\/les-gens-derriere\/#breadcrumb"},"inLanguage":"fr-FR","potentialAction":[{"@type":"ReadAction","target":["https:\/\/www.vivalib.nl\/fr\/vivalib\/les-gens-derriere\/"]}]},{"@type":"ImageObject","inLanguage":"fr-FR","@id":"https:\/\/www.vivalib.nl\/fr\/vivalib\/les-gens-derriere\/#primaryimage","url":"https:\/\/www.vivalib.nl\/wp-content\/uploads\/2015\/10\/header3.jpg","contentUrl":"https:\/\/www.vivalib.nl\/wp-content\/uploads\/2015\/10\/header3.jpg","width":964,"height":162},{"@type":"BreadcrumbList","@id":"https:\/\/www.vivalib.nl\/fr\/vivalib\/les-gens-derriere\/#breadcrumb","itemListElement":[{"@type":"ListItem","position":1,"name":"Home","item":"https:\/\/www.vivalib.nl\/fr\/"},{"@type":"ListItem","position":2,"name":"vivalib","item":"https:\/\/www.vivalib.nl\/fr\/vivalib\/"},{"@type":"ListItem","position":3,"name":"les gens derri\u00e8re"}]},{"@type":"WebSite","@id":"https:\/\/www.vivalib.nl\/#website","url":"https:\/\/www.vivalib.nl\/","name":"Vivalib Nederland","description":"","publisher":{"@id":"https:\/\/www.vivalib.nl\/#organization"},"potentialAction":[{"@type":"SearchAction","target":{"@type":"EntryPoint","urlTemplate":"https:\/\/www.vivalib.nl\/?s={search_term_string}"},"query-input":{"@type":"PropertyValueSpecification","valueRequired":true,"valueName":"search_term_string"}}],"inLanguage":"fr-FR"},{"@type":"Organization","@id":"https:\/\/www.vivalib.nl\/#organization","name":"Vivalib Nederland","url":"https:\/\/www.vivalib.nl\/","logo":{"@type":"ImageObject","inLanguage":"fr-FR","@id":"https:\/\/www.vivalib.nl\/#\/schema\/logo\/image\/","url":"https:\/\/www.vivalib.nl\/wp-content\/uploads\/2015\/11\/logo.png","contentUrl":"https:\/\/www.vivalib.nl\/wp-content\/uploads\/2015\/11\/logo.png","width":310,"height":126,"caption":"Vivalib Nederland"},"image":{"@id":"https:\/\/www.vivalib.nl\/#\/schema\/logo\/image\/"}}]}},"_links":{"self":[{"href":"https:\/\/www.vivalib.nl\/fr\/wp-json\/wp\/v2\/pages\/121","targetHints":{"allow":["GET"]}}],"collection":[{"href":"https:\/\/www.vivalib.nl\/fr\/wp-json\/wp\/v2\/pages"}],"about":[{"href":"https:\/\/www.vivalib.nl\/fr\/wp-json\/wp\/v2\/types\/page"}],"author":[{"embeddable":true,"href":"https:\/\/www.vivalib.nl\/fr\/wp-json\/wp\/v2\/users\/1"}],"replies":[{"embeddable":true,"href":"https:\/\/www.vivalib.nl\/fr\/wp-json\/wp\/v2\/comments?post=121"}],"version-history":[{"count":5,"href":"https:\/\/www.vivalib.nl\/fr\/wp-json\/wp\/v2\/pages\/121\/revisions"}],"predecessor-version":[{"id":803,"href":"https:\/\/www.vivalib.nl\/fr\/wp-json\/wp\/v2\/pages\/121\/revisions\/803"}],"up":[{"embeddable":true,"href":"https:\/\/www.vivalib.nl\/fr\/wp-json\/wp\/v2\/pages\/117"}],"wp:featuredmedia":[{"embeddable":true,"href":"https:\/\/www.vivalib.nl\/fr\/wp-json\/wp\/v2\/media\/79"}],"wp:attachment":[{"href":"https:\/\/www.vivalib.nl\/fr\/wp-json\/wp\/v2\/media?parent=121"}],"curies":[{"name":"wp","href":"https:\/\/api.w.org\/{rel}","templated":true}]}}